{"id":703,"date":"2021-08-28T20:49:53","date_gmt":"2021-08-28T20:49:53","guid":{"rendered":"https:\/\/colivingjardins.com\/?page_id=703"},"modified":"2021-11-16T16:24:47","modified_gmt":"2021-11-16T16:24:47","slug":"politica-de-visitas","status":"publish","type":"page","link":"https:\/\/colivingjardins.com\/index.php\/politica-de-visitas\/","title":{"rendered":"POL\u00cdTICA DE VISITAS"},"content":{"rendered":"\t\t<div data-elementor-type=\"wp-page\" data-elementor-id=\"703\" class=\"elementor elementor-703\">\n\t\t\t\t\t\t<section class=\"elementor-section elementor-top-section elementor-element elementor-element-4cfdce4 elementor-section-boxed elementor-section-height-default elementor-section-height-default\" data-id=\"4cfdce4\" data-element_type=\"section\" data-e-type=\"section\">\n\t\t\t\t\t\t<div class=\"elementor-container elementor-column-gap-default\">\n\t\t\t\t\t<div class=\"elementor-column elementor-col-100 elementor-top-column elementor-element elementor-element-c21955f\" data-id=\"c21955f\" data-element_type=\"column\" data-e-type=\"column\">\n\t\t\t<div class=\"elementor-widget-wrap elementor-element-populated\">\n\t\t\t\t\t\t<div class=\"elementor-element elementor-element-a8e0524 elementor-widget elementor-widget-heading\" data-id=\"a8e0524\" data-element_type=\"widget\" data-e-type=\"widget\" data-widget_type=\"heading.default\">\n\t\t\t\t<div class=\"elementor-widget-container\">\n\t\t\t\t\t<h2 class=\"elementor-heading-title elementor-size-default\">POL\u00cdTICA DE VISITAS<\/h2>\t\t\t\t<\/div>\n\t\t\t\t<\/div>\n\t\t\t\t<div class=\"elementor-element elementor-element-e35be91 elementor-widget elementor-widget-text-editor\" data-id=\"e35be91\" data-element_type=\"widget\" data-e-type=\"widget\" data-widget_type=\"text-editor.default\">\n\t\t\t\t<div class=\"elementor-widget-container\">\n\t\t\t\t\t\t\t\t\t<p><span style=\"font-weight: 400;\">Sempre que estiver com visitas, procure manter o sil\u00eancio e a organiza\u00e7\u00e3o. N\u00e3o \u00e9 permitido realizar festas e encontros de grupos de pessoas (acima de duas pessoas por vez), trazer ao apartamento, visitas com muita frequ\u00eancia, de pessoas sempre diferentes, ou combinar encontros com pessoas de aplicativos. Estes comportamentos podem gerar inseguran\u00e7a e desconforto nos outros moradores do apartamento.&nbsp;<\/span><\/p>\n<p><span style=\"font-weight: 400;\">Em trazendo visitas, procure trazer sempre as mesmas pessoas, com as quais tenha mais proximidade e confian\u00e7a. Desta forma, os outros moradores tamb\u00e9m podem se familiarizar com as suas visitas. Todos os visitantes dever\u00e3o, igualmente, respeitar as regras do ambiente e do condom\u00ednio. N\u00e3o \u00e9 permitido hospedar crian\u00e7as no coliving ou a pernoite de visitantes, sem a presen\u00e7a do respons\u00e1vel pelo quarto.<\/span><\/p>\n<p><span style=\"font-weight: 400;\">Caso optar em hospedar algum amigo pr\u00f3ximo e\/ou familiar no quarto, avise aos demais moradores com anteced\u00eancia e evite que a estadia se estenda por muitos dias, evitando ultrapassar mais de 02 (dois) dias, ou um final de semana.&nbsp;<\/span><\/p>\t\t\t\t\t\t\t\t<\/div>\n\t\t\t\t<\/div>\n\t\t\t\t\t<\/div>\n\t\t<\/div>\n\t\t\t\t\t<\/div>\n\t\t<\/section>\n\t\t\t\t<\/div>\n\t\t","protected":false},"excerpt":{"rendered":"<p>POL\u00cdTICA DE VISITAS Sempre que estiver com visitas, procure manter o sil\u00eancio e a organiza\u00e7\u00e3o. N\u00e3o \u00e9 permitido realizar festas e encontros de grupos de [&hellip;]<\/p>\n","protected":false},"author":2,"featured_media":0,"parent":0,"menu_order":0,"comment_status":"closed","ping_status":"closed","template":"","meta":{"om_disable_all_campaigns":false,"_monsterinsights_skip_tracking":false,"_monsterinsights_sitenote_active":false,"_monsterinsights_sitenote_note":"","_monsterinsights_sitenote_category":0,"_joinchat":[],"footnotes":""},"class_list":["post-703","page","type-page","status-publish","hentry"],"aioseo_notices":[],"yoast_head":"<!-- This site is optimized with the Yoast SEO plugin v27.4 - https:\/\/yoast.com\/product\/yoast-seo-wordpress\/ -->\n<title>POL\u00cdTICA DE VISITAS - Coliving Jardins<\/title>\n<meta name=\"robots\" content=\"index, follow, max-snippet:-1, max-image-preview:large, max-video-preview:-1\" \/>\n<link rel=\"canonical\" href=\"https:\/\/colivingjardins.com\/index.php\/politica-de-visitas\/\" \/>\n<meta property=\"og:locale\" content=\"en_US\" \/>\n<meta property=\"og:type\" content=\"article\" \/>\n<meta property=\"og:title\" content=\"POL\u00cdTICA DE VISITAS - Coliving Jardins\" \/>\n<meta property=\"og:description\" content=\"POL\u00cdTICA DE VISITAS Sempre que estiver com visitas, procure manter o sil\u00eancio e a organiza\u00e7\u00e3o. N\u00e3o \u00e9 permitido realizar festas e encontros de grupos de [&hellip;]\" \/>\n<meta property=\"og:url\" content=\"https:\/\/colivingjardins.com\/index.php\/politica-de-visitas\/\" \/>\n<meta property=\"og:site_name\" content=\"Coliving Jardins\" \/>\n<meta property=\"article:modified_time\" content=\"2021-11-16T16:24:47+00:00\" \/>\n<meta name=\"twitter:card\" content=\"summary_large_image\" \/>\n<meta name=\"twitter:label1\" content=\"Est. reading time\" \/>\n\t<meta name=\"twitter:data1\" content=\"1 minute\" \/>\n<script type=\"application\/ld+json\" class=\"yoast-schema-graph\">{\"@context\":\"https:\\\/\\\/schema.org\",\"@graph\":[{\"@type\":\"WebPage\",\"@id\":\"https:\\\/\\\/colivingjardins.com\\\/index.php\\\/politica-de-visitas\\\/\",\"url\":\"https:\\\/\\\/colivingjardins.com\\\/index.php\\\/politica-de-visitas\\\/\",\"name\":\"POL\u00cdTICA DE VISITAS - Coliving Jardins\",\"isPartOf\":{\"@id\":\"https:\\\/\\\/colivingjardins.com\\\/#website\"},\"datePublished\":\"2021-08-28T20:49:53+00:00\",\"dateModified\":\"2021-11-16T16:24:47+00:00\",\"breadcrumb\":{\"@id\":\"https:\\\/\\\/colivingjardins.com\\\/index.php\\\/politica-de-visitas\\\/#breadcrumb\"},\"inLanguage\":\"en-US\",\"potentialAction\":[{\"@type\":\"ReadAction\",\"target\":[\"https:\\\/\\\/colivingjardins.com\\\/index.php\\\/politica-de-visitas\\\/\"]}]},{\"@type\":\"BreadcrumbList\",\"@id\":\"https:\\\/\\\/colivingjardins.com\\\/index.php\\\/politica-de-visitas\\\/#breadcrumb\",\"itemListElement\":[{\"@type\":\"ListItem\",\"position\":1,\"name\":\"Home\",\"item\":\"https:\\\/\\\/colivingjardins.com\\\/\"},{\"@type\":\"ListItem\",\"position\":2,\"name\":\"POL\u00cdTICA DE VISITAS\"}]},{\"@type\":\"WebSite\",\"@id\":\"https:\\\/\\\/colivingjardins.com\\\/#website\",\"url\":\"https:\\\/\\\/colivingjardins.com\\\/\",\"name\":\"Coliving Jardins\",\"description\":\"More na melhor regi\u00e3o de SP\",\"publisher\":{\"@id\":\"https:\\\/\\\/colivingjardins.com\\\/#organization\"},\"potentialAction\":[{\"@type\":\"SearchAction\",\"target\":{\"@type\":\"EntryPoint\",\"urlTemplate\":\"https:\\\/\\\/colivingjardins.com\\\/?s={search_term_string}\"},\"query-input\":{\"@type\":\"PropertyValueSpecification\",\"valueRequired\":true,\"valueName\":\"search_term_string\"}}],\"inLanguage\":\"en-US\"},{\"@type\":\"Organization\",\"@id\":\"https:\\\/\\\/colivingjardins.com\\\/#organization\",\"name\":\"Coliving Jardins\",\"url\":\"https:\\\/\\\/colivingjardins.com\\\/\",\"logo\":{\"@type\":\"ImageObject\",\"inLanguage\":\"en-US\",\"@id\":\"https:\\\/\\\/colivingjardins.com\\\/#\\\/schema\\\/logo\\\/image\\\/\",\"url\":\"https:\\\/\\\/colivingjardins.com\\\/wp-content\\\/uploads\\\/2021\\\/08\\\/cropped-cropped-cropped-LOGO-ESTENDIDA-PNG.png\",\"contentUrl\":\"https:\\\/\\\/colivingjardins.com\\\/wp-content\\\/uploads\\\/2021\\\/08\\\/cropped-cropped-cropped-LOGO-ESTENDIDA-PNG.png\",\"width\":1196,\"height\":210,\"caption\":\"Coliving Jardins\"},\"image\":{\"@id\":\"https:\\\/\\\/colivingjardins.com\\\/#\\\/schema\\\/logo\\\/image\\\/\"}}]}<\/script>\n<!-- \/ Yoast SEO plugin. -->","yoast_head_json":{"title":"POL\u00cdTICA DE VISITAS - Coliving Jardins","robots":{"index":"index","follow":"follow","max-snippet":"max-snippet:-1","max-image-preview":"max-image-preview:large","max-video-preview":"max-video-preview:-1"},"canonical":"https:\/\/colivingjardins.com\/index.php\/politica-de-visitas\/","og_locale":"en_US","og_type":"article","og_title":"POL\u00cdTICA DE VISITAS - Coliving Jardins","og_description":"POL\u00cdTICA DE VISITAS Sempre que estiver com visitas, procure manter o sil\u00eancio e a organiza\u00e7\u00e3o. N\u00e3o \u00e9 permitido realizar festas e encontros de grupos de [&hellip;]","og_url":"https:\/\/colivingjardins.com\/index.php\/politica-de-visitas\/","og_site_name":"Coliving Jardins","article_modified_time":"2021-11-16T16:24:47+00:00","twitter_card":"summary_large_image","twitter_misc":{"Est. reading time":"1 minute"},"schema":{"@context":"https:\/\/schema.org","@graph":[{"@type":"WebPage","@id":"https:\/\/colivingjardins.com\/index.php\/politica-de-visitas\/","url":"https:\/\/colivingjardins.com\/index.php\/politica-de-visitas\/","name":"POL\u00cdTICA DE VISITAS - Coliving Jardins","isPartOf":{"@id":"https:\/\/colivingjardins.com\/#website"},"datePublished":"2021-08-28T20:49:53+00:00","dateModified":"2021-11-16T16:24:47+00:00","breadcrumb":{"@id":"https:\/\/colivingjardins.com\/index.php\/politica-de-visitas\/#breadcrumb"},"inLanguage":"en-US","potentialAction":[{"@type":"ReadAction","target":["https:\/\/colivingjardins.com\/index.php\/politica-de-visitas\/"]}]},{"@type":"BreadcrumbList","@id":"https:\/\/colivingjardins.com\/index.php\/politica-de-visitas\/#breadcrumb","itemListElement":[{"@type":"ListItem","position":1,"name":"Home","item":"https:\/\/colivingjardins.com\/"},{"@type":"ListItem","position":2,"name":"POL\u00cdTICA DE VISITAS"}]},{"@type":"WebSite","@id":"https:\/\/colivingjardins.com\/#website","url":"https:\/\/colivingjardins.com\/","name":"Coliving Jardins","description":"More na melhor regi\u00e3o de SP","publisher":{"@id":"https:\/\/colivingjardins.com\/#organization"},"potentialAction":[{"@type":"SearchAction","target":{"@type":"EntryPoint","urlTemplate":"https:\/\/colivingjardins.com\/?s={search_term_string}"},"query-input":{"@type":"PropertyValueSpecification","valueRequired":true,"valueName":"search_term_string"}}],"inLanguage":"en-US"},{"@type":"Organization","@id":"https:\/\/colivingjardins.com\/#organization","name":"Coliving Jardins","url":"https:\/\/colivingjardins.com\/","logo":{"@type":"ImageObject","inLanguage":"en-US","@id":"https:\/\/colivingjardins.com\/#\/schema\/logo\/image\/","url":"https:\/\/colivingjardins.com\/wp-content\/uploads\/2021\/08\/cropped-cropped-cropped-LOGO-ESTENDIDA-PNG.png","contentUrl":"https:\/\/colivingjardins.com\/wp-content\/uploads\/2021\/08\/cropped-cropped-cropped-LOGO-ESTENDIDA-PNG.png","width":1196,"height":210,"caption":"Coliving Jardins"},"image":{"@id":"https:\/\/colivingjardins.com\/#\/schema\/logo\/image\/"}}]}},"_links":{"self":[{"href":"https:\/\/colivingjardins.com\/index.php\/wp-json\/wp\/v2\/pages\/703","targetHints":{"allow":["GET"]}}],"collection":[{"href":"https:\/\/colivingjardins.com\/index.php\/wp-json\/wp\/v2\/pages"}],"about":[{"href":"https:\/\/colivingjardins.com\/index.php\/wp-json\/wp\/v2\/types\/page"}],"author":[{"embeddable":true,"href":"https:\/\/colivingjardins.com\/index.php\/wp-json\/wp\/v2\/users\/2"}],"replies":[{"embeddable":true,"href":"https:\/\/colivingjardins.com\/index.php\/wp-json\/wp\/v2\/comments?post=703"}],"version-history":[{"count":11,"href":"https:\/\/colivingjardins.com\/index.php\/wp-json\/wp\/v2\/pages\/703\/revisions"}],"predecessor-version":[{"id":1288,"href":"https:\/\/colivingjardins.com\/index.php\/wp-json\/wp\/v2\/pages\/703\/revisions\/1288"}],"wp:attachment":[{"href":"https:\/\/colivingjardins.com\/index.php\/wp-json\/wp\/v2\/media?parent=703"}],"curies":[{"name":"wp","href":"https:\/\/api.w.org\/{rel}","templated":true}]}}