{"id":697,"date":"2021-08-28T20:46:12","date_gmt":"2021-08-28T20:46:12","guid":{"rendered":"https:\/\/colivingjardins.com\/?page_id=697"},"modified":"2022-07-06T21:36:17","modified_gmt":"2022-07-06T21:36:17","slug":"termos","status":"publish","type":"page","link":"https:\/\/colivingjardins.com\/index.php\/termos\/","title":{"rendered":"Termo de Responsabilidade"},"content":{"rendered":"\t\t<div data-elementor-type=\"wp-page\" data-elementor-id=\"697\" class=\"elementor elementor-697\">\n\t\t\t\t\t\t<section class=\"elementor-section elementor-top-section elementor-element elementor-element-98d1404 elementor-section-boxed elementor-section-height-default elementor-section-height-default\" data-id=\"98d1404\" data-element_type=\"section\" data-e-type=\"section\">\n\t\t\t\t\t\t<div class=\"elementor-container elementor-column-gap-default\">\n\t\t\t\t\t<div class=\"elementor-column elementor-col-100 elementor-top-column elementor-element elementor-element-0bdf838\" data-id=\"0bdf838\" data-element_type=\"column\" data-e-type=\"column\">\n\t\t\t<div class=\"elementor-widget-wrap elementor-element-populated\">\n\t\t\t\t\t\t<div class=\"elementor-element elementor-element-8b10f43 elementor-widget elementor-widget-heading\" data-id=\"8b10f43\" data-element_type=\"widget\" data-e-type=\"widget\" data-widget_type=\"heading.default\">\n\t\t\t\t<div class=\"elementor-widget-container\">\n\t\t\t\t\t<h2 class=\"elementor-heading-title elementor-size-default\">Termo de Responsabilidade<\/h2>\t\t\t\t<\/div>\n\t\t\t\t<\/div>\n\t\t\t\t<div class=\"elementor-element elementor-element-4755b78 elementor-widget elementor-widget-text-editor\" data-id=\"4755b78\" data-element_type=\"widget\" data-e-type=\"widget\" data-widget_type=\"text-editor.default\">\n\t\t\t\t<div class=\"elementor-widget-container\">\n\t\t\t\t\t\t\t\t\t<ol><li><span style=\"font-weight: 400;\">Respeitar todos os moradores independente de origem, sexo, etnia, orienta\u00e7\u00e3o sexual, idade, estado civil, religi\u00e3o, vis\u00e3o pol\u00edtica ou profiss\u00e3o. Da mesma forma, p<\/span><span style=\"font-weight: 400;\">rezar pela harmonia no conv\u00edvio, buscando sempre o di\u00e1logo, evitando comportamentos que possam estimular conflitos e prejudicar o bem-estar entre os moradores.<\/span><\/li><li><span style=\"font-weight: 400;\">Os pagamentos que ser\u00e3o realizados em um valor \u00fanico, que inclui: aluguel, condom\u00ednio, IPTU, diarista semanal, materiais de limpeza utilizados pela diarista semanal, luz, \u00e1gua, g\u00e1s, internet, despesas de manuten\u00e7\u00e3o, e dever\u00e1 ser realizado antecipadamente, todos os meses e em dia<\/span><b>. <\/b><span style=\"font-weight: 400;\">Pagamentos ap\u00f3s a data de vencimento incorrer\u00e3o em multa de 10%.<\/span><\/li><li><span style=\"font-weight: 400;\">No caso de mudan\u00e7a no m\u00eas subsequente, o morador poder\u00e1 utilizar o cr\u00e9dito do deposito cau\u00e7\u00e3o para efetuar o pagamento do \u00faltimo m\u00eas. Sendo assim, no dia do pagamento do \u00faltimo aluguel, ser\u00e1 necess\u00e1rio realizar o deposito apenas da diferen\u00e7a do valor, descontado o deposito cau\u00e7\u00e3o. Em caso de mudan\u00e7a imediata, ou em data antes ao pr\u00f3ximo pagamento de aluguel, n\u00e3o ser\u00e1 poss\u00edvel solicitar o estorno de cau\u00e7\u00e3o ou di\u00e1rias de aluguel j\u00e1 pagos.<\/span><\/li><li><span style=\"font-weight: 400;\">Alugar o quarto por um per\u00edodo m\u00ednimo de <\/span><span style=\"font-weight: 400;\">6(seis) meses<\/span><span style=\"font-weight: 400;\">, caso contr\u00e1rio perder\u00e1 o direito \u00e0 devolu\u00e7\u00e3o do valor do dep\u00f3sito cau\u00e7\u00e3o. Exceto em caso em que seja solicitado a desocupar o quarto. Neste caso, o valor do dep\u00f3sito cau\u00e7\u00e3o ser\u00e1 devolvido integralmente.<\/span><\/li><li><span style=\"font-weight: 400;\">Respeitar a lei do sil\u00eancio no apartamento e do condom\u00ednio, evitando barulhos que possam incomodar outros moradores do apartamento, ou vizinhos, principalmente ap\u00f3s as 22h.<\/span><\/li><li><span style=\"font-weight: 400;\">Manter os ambientes de conv\u00edvio compartilhado, como sala de estar, cozinha, \u00e1rea de servi\u00e7o e banheiros, limpos e organizados ap\u00f3s o uso, evitando \u201cmonopoliz\u00e1-los\u201d, uma vez que outros moradores tamb\u00e9m fazem uso dos espa\u00e7os.<\/span><\/li><li><span style=\"font-weight: 400;\">Evitar o desperd\u00edcio, especialmente de \u00e1gua e energia, evitando deixar luzes acessas sem necessidade nos quartos e \u00e1reas comuns, deixar equipamentos que consomem energia conectados na tomada.<\/span><\/li><li><span style=\"font-weight: 400;\">\u00a0Zelar pelo bom uso de todo e qualquer item, equipamentos, espa\u00e7o, mob\u00edlias e utens\u00edlios do coliving, se responsabilizando financeiramente por qualquer preju\u00edzo, a que der causa, por mau uso, quebra ou perda.<\/span><\/li><li><span style=\"font-weight: 400;\">Respeitar os dias determinados para uso da m\u00e1quina de lavar roupas e n\u00e3o fazer uso da m\u00e1quina antes das 9:00h ou ap\u00f3s as 22:00h, para evitar barulho que possa incomodar o morador do quarto da depend\u00eancia.\u00a0<\/span><\/li><li><span style=\"font-weight: 400;\">Respeitar as regras e diretrizes do condom\u00ednio, mantendo sempre bom comportamento e relacionamento de cordialidade com os vizinhos e funcion\u00e1rios do condom\u00ednio. Em caso de desrespeito \u00e0s regras do condom\u00ednio, especialmente referente a lei do sil\u00eancio ap\u00f4s as 22h, utiliza\u00e7\u00e3o de vaga de garagem indevida, mau trato aos funcion\u00e1rios ou vizinhos, descarte de lixo pelas janelas (l\u00edquido ou s\u00f3lido), ou quaisquer outros que ferirem a boa norma e conviv\u00eancia, incorrer\u00e1 em multa no valor de uma cota condominial, que ser\u00e1 de responsabilidade do(s) morador(es) respons\u00e1vel pela infra\u00e7\u00e3o.<\/span><\/li><li><span style=\"font-weight: 400;\">Caso optar em hospedar algum amigo pr\u00f3ximo e\/ou familiar no quarto, avise aos demais moradores com anteced\u00eancia e evite que a estadia se estenda por muitos dias, evitando ultrapassar mais de 02 (dois) dias, ou um final de semana.<\/span><\/li><li><span style=\"font-weight: 400;\">Caso haja disponibilidade e interesse do morador, \u00e9 poss\u00edvel mudar para outro quarto, do mesmo apartamento, em um per\u00edodo inferior a 6 meses. Mudan\u00e7a para outro apartamento do Coliving Jardins, sem rompimento de contrato, \u00e9 permitido apenas ap\u00f3s per\u00edodo <\/span><span style=\"font-weight: 400;\">m\u00ednimo de 6 meses de estadia no mesmo apartamento. <\/span><span style=\"font-weight: 400;\">\u00a0Em caso de mudan\u00e7a para outro apartamento do Coliving Jardins, um novo contrato ser\u00e1 assinado, com valores atualizados e um novo per\u00edodo m\u00ednimo de 6 meses de estadia.\u00a0<\/span><\/li><li><span style=\"font-weight: 400;\">\u00c9 permitido decorar o quarto, com quadros, pintar paredes ou ainda, aplicar papel de parede. Por\u00e9m o quarto deve ser devolvido nas mesmas condi\u00e7\u00f5es que encontrou.\u00a0<\/span><\/li><li><span style=\"font-weight: 400;\">\u00c9 proibido fumar dentro do apartamento ou nas depend\u00eancias do condom\u00ednio. N\u00e3o deixar velas, lamparinas, incensos e\/ou isqueiros, queimando sozinhos, desassistidos.<\/span><\/li><li><span style=\"font-weight: 400;\">\u00c9 estritamente proibido, o porte ou uso de drogas il\u00edcitas dentro do apartamento, ou nas depend\u00eancias do condom\u00ednio. Tamb\u00e9m, n\u00e3o \u00e9 permitido trazer PETS ou qualquer animal de estima\u00e7\u00e3o, para dentro do apartamento.<\/span><\/li><li><span style=\"font-weight: 400;\">Todo o material de limpeza de uso comum (detergente, sab\u00e3o em p\u00f3, amaciante, papel higi\u00eanico etc.) s\u00e3o produtos multimarcas e tem a finalidade principal de atender as demandas da faxina semanal, realizada pela diarista. O uso individual destes materiais \u00e9 liberado aos moradores, de forma moderada e em car\u00e1ter de <\/span><span style=\"font-weight: 400;\">cortesia<\/span><span style=\"font-weight: 400;\">, portanto, eventuais necessidades individuais de produtos, tanto em volume ou de marcas especificas, devem ser supridas pelo morador, com a aquisi\u00e7\u00e3o por conta pr\u00f3pria.<\/span><\/li><li><span style=\"font-weight: 400;\">A lavagem das roupas pessoais, deve ser realizado pelo morador e o servi\u00e7o de passar as roupas \u00e9 oferecido pela diarista, no dia da faxina semanal, como uma <\/span><span style=\"font-weight: 400;\">cortesia, limitando-se a 5 pe\u00e7as por semana<\/span><span style=\"font-weight: 400;\">, n\u00e3o sendo de nossa responsabilidade eventuais danos. Recomendamos que pe\u00e7as de roupas exclusivas e de valores altos, sejam levadas a lavanderias especializadas.\u00a0<\/span><\/li><li><span style=\"font-weight: 400;\">Ap\u00f3s o morador manifestar o interesse em se mudar do coliving e informar o aviso pr\u00e9vio de sa\u00edda, ser\u00e1 necess\u00e1rio permitir o acesso de visitas de novos interessados em alugar o quarto. Os dias e hor\u00e1rios das visitas ser\u00e3o avisadas e combinadas previamente com o morador.<\/span><\/li><li><span style=\"font-weight: 400;\">Fornecer contato para caso de emerg\u00eancia:\u00a0<\/span><\/li><\/ol>\t\t\t\t\t\t\t\t<\/div>\n\t\t\t\t<\/div>\n\t\t\t\t\t<\/div>\n\t\t<\/div>\n\t\t\t\t\t<\/div>\n\t\t<\/section>\n\t\t\t\t<\/div>\n\t\t","protected":false},"excerpt":{"rendered":"<p>Termo de Responsabilidade Respeitar todos os moradores independente de origem, sexo, etnia, orienta\u00e7\u00e3o sexual, idade, estado civil, religi\u00e3o, vis\u00e3o pol\u00edtica ou profiss\u00e3o. Da mesma forma, [&hellip;]<\/p>\n","protected":false},"author":2,"featured_media":0,"parent":0,"menu_order":0,"comment_status":"closed","ping_status":"closed","template":"","meta":{"om_disable_all_campaigns":false,"_monsterinsights_skip_tracking":false,"_monsterinsights_sitenote_active":false,"_monsterinsights_sitenote_note":"","_monsterinsights_sitenote_category":0,"_joinchat":[],"footnotes":""},"class_list":["post-697","page","type-page","status-publish","hentry"],"aioseo_notices":[],"yoast_head":"<!-- This site is optimized with the Yoast SEO plugin v27.4 - https:\/\/yoast.com\/product\/yoast-seo-wordpress\/ -->\n<title>Termo de Responsabilidade - Coliving Jardins<\/title>\n<meta name=\"robots\" content=\"index, follow, max-snippet:-1, max-image-preview:large, max-video-preview:-1\" \/>\n<link rel=\"canonical\" href=\"https:\/\/colivingjardins.com\/index.php\/termos\/\" \/>\n<meta property=\"og:locale\" content=\"en_US\" \/>\n<meta property=\"og:type\" content=\"article\" \/>\n<meta property=\"og:title\" content=\"Termo de Responsabilidade - Coliving Jardins\" \/>\n<meta property=\"og:description\" content=\"Termo de Responsabilidade Respeitar todos os moradores independente de origem, sexo, etnia, orienta\u00e7\u00e3o sexual, idade, estado civil, religi\u00e3o, vis\u00e3o pol\u00edtica ou profiss\u00e3o. Da mesma forma, [&hellip;]\" \/>\n<meta property=\"og:url\" content=\"https:\/\/colivingjardins.com\/index.php\/termos\/\" \/>\n<meta property=\"og:site_name\" content=\"Coliving Jardins\" \/>\n<meta property=\"article:modified_time\" content=\"2022-07-06T21:36:17+00:00\" \/>\n<meta name=\"twitter:card\" content=\"summary_large_image\" \/>\n<meta name=\"twitter:label1\" content=\"Est. reading time\" \/>\n\t<meta name=\"twitter:data1\" content=\"5 minutes\" \/>\n<script type=\"application\/ld+json\" class=\"yoast-schema-graph\">{\"@context\":\"https:\\\/\\\/schema.org\",\"@graph\":[{\"@type\":\"WebPage\",\"@id\":\"https:\\\/\\\/colivingjardins.com\\\/index.php\\\/termos\\\/\",\"url\":\"https:\\\/\\\/colivingjardins.com\\\/index.php\\\/termos\\\/\",\"name\":\"Termo de Responsabilidade - Coliving Jardins\",\"isPartOf\":{\"@id\":\"https:\\\/\\\/colivingjardins.com\\\/#website\"},\"datePublished\":\"2021-08-28T20:46:12+00:00\",\"dateModified\":\"2022-07-06T21:36:17+00:00\",\"breadcrumb\":{\"@id\":\"https:\\\/\\\/colivingjardins.com\\\/index.php\\\/termos\\\/#breadcrumb\"},\"inLanguage\":\"en-US\",\"potentialAction\":[{\"@type\":\"ReadAction\",\"target\":[\"https:\\\/\\\/colivingjardins.com\\\/index.php\\\/termos\\\/\"]}]},{\"@type\":\"BreadcrumbList\",\"@id\":\"https:\\\/\\\/colivingjardins.com\\\/index.php\\\/termos\\\/#breadcrumb\",\"itemListElement\":[{\"@type\":\"ListItem\",\"position\":1,\"name\":\"Home\",\"item\":\"https:\\\/\\\/colivingjardins.com\\\/\"},{\"@type\":\"ListItem\",\"position\":2,\"name\":\"Termo de Responsabilidade\"}]},{\"@type\":\"WebSite\",\"@id\":\"https:\\\/\\\/colivingjardins.com\\\/#website\",\"url\":\"https:\\\/\\\/colivingjardins.com\\\/\",\"name\":\"Coliving Jardins\",\"description\":\"More na melhor regi\u00e3o de SP\",\"publisher\":{\"@id\":\"https:\\\/\\\/colivingjardins.com\\\/#organization\"},\"potentialAction\":[{\"@type\":\"SearchAction\",\"target\":{\"@type\":\"EntryPoint\",\"urlTemplate\":\"https:\\\/\\\/colivingjardins.com\\\/?s={search_term_string}\"},\"query-input\":{\"@type\":\"PropertyValueSpecification\",\"valueRequired\":true,\"valueName\":\"search_term_string\"}}],\"inLanguage\":\"en-US\"},{\"@type\":\"Organization\",\"@id\":\"https:\\\/\\\/colivingjardins.com\\\/#organization\",\"name\":\"Coliving Jardins\",\"url\":\"https:\\\/\\\/colivingjardins.com\\\/\",\"logo\":{\"@type\":\"ImageObject\",\"inLanguage\":\"en-US\",\"@id\":\"https:\\\/\\\/colivingjardins.com\\\/#\\\/schema\\\/logo\\\/image\\\/\",\"url\":\"https:\\\/\\\/colivingjardins.com\\\/wp-content\\\/uploads\\\/2021\\\/08\\\/cropped-cropped-cropped-LOGO-ESTENDIDA-PNG.png\",\"contentUrl\":\"https:\\\/\\\/colivingjardins.com\\\/wp-content\\\/uploads\\\/2021\\\/08\\\/cropped-cropped-cropped-LOGO-ESTENDIDA-PNG.png\",\"width\":1196,\"height\":210,\"caption\":\"Coliving Jardins\"},\"image\":{\"@id\":\"https:\\\/\\\/colivingjardins.com\\\/#\\\/schema\\\/logo\\\/image\\\/\"}}]}<\/script>\n<!-- \/ Yoast SEO plugin. -->","yoast_head_json":{"title":"Termo de Responsabilidade - Coliving Jardins","robots":{"index":"index","follow":"follow","max-snippet":"max-snippet:-1","max-image-preview":"max-image-preview:large","max-video-preview":"max-video-preview:-1"},"canonical":"https:\/\/colivingjardins.com\/index.php\/termos\/","og_locale":"en_US","og_type":"article","og_title":"Termo de Responsabilidade - Coliving Jardins","og_description":"Termo de Responsabilidade Respeitar todos os moradores independente de origem, sexo, etnia, orienta\u00e7\u00e3o sexual, idade, estado civil, religi\u00e3o, vis\u00e3o pol\u00edtica ou profiss\u00e3o. Da mesma forma, [&hellip;]","og_url":"https:\/\/colivingjardins.com\/index.php\/termos\/","og_site_name":"Coliving Jardins","article_modified_time":"2022-07-06T21:36:17+00:00","twitter_card":"summary_large_image","twitter_misc":{"Est. reading time":"5 minutes"},"schema":{"@context":"https:\/\/schema.org","@graph":[{"@type":"WebPage","@id":"https:\/\/colivingjardins.com\/index.php\/termos\/","url":"https:\/\/colivingjardins.com\/index.php\/termos\/","name":"Termo de Responsabilidade - Coliving Jardins","isPartOf":{"@id":"https:\/\/colivingjardins.com\/#website"},"datePublished":"2021-08-28T20:46:12+00:00","dateModified":"2022-07-06T21:36:17+00:00","breadcrumb":{"@id":"https:\/\/colivingjardins.com\/index.php\/termos\/#breadcrumb"},"inLanguage":"en-US","potentialAction":[{"@type":"ReadAction","target":["https:\/\/colivingjardins.com\/index.php\/termos\/"]}]},{"@type":"BreadcrumbList","@id":"https:\/\/colivingjardins.com\/index.php\/termos\/#breadcrumb","itemListElement":[{"@type":"ListItem","position":1,"name":"Home","item":"https:\/\/colivingjardins.com\/"},{"@type":"ListItem","position":2,"name":"Termo de Responsabilidade"}]},{"@type":"WebSite","@id":"https:\/\/colivingjardins.com\/#website","url":"https:\/\/colivingjardins.com\/","name":"Coliving Jardins","description":"More na melhor regi\u00e3o de SP","publisher":{"@id":"https:\/\/colivingjardins.com\/#organization"},"potentialAction":[{"@type":"SearchAction","target":{"@type":"EntryPoint","urlTemplate":"https:\/\/colivingjardins.com\/?s={search_term_string}"},"query-input":{"@type":"PropertyValueSpecification","valueRequired":true,"valueName":"search_term_string"}}],"inLanguage":"en-US"},{"@type":"Organization","@id":"https:\/\/colivingjardins.com\/#organization","name":"Coliving Jardins","url":"https:\/\/colivingjardins.com\/","logo":{"@type":"ImageObject","inLanguage":"en-US","@id":"https:\/\/colivingjardins.com\/#\/schema\/logo\/image\/","url":"https:\/\/colivingjardins.com\/wp-content\/uploads\/2021\/08\/cropped-cropped-cropped-LOGO-ESTENDIDA-PNG.png","contentUrl":"https:\/\/colivingjardins.com\/wp-content\/uploads\/2021\/08\/cropped-cropped-cropped-LOGO-ESTENDIDA-PNG.png","width":1196,"height":210,"caption":"Coliving Jardins"},"image":{"@id":"https:\/\/colivingjardins.com\/#\/schema\/logo\/image\/"}}]}},"_links":{"self":[{"href":"https:\/\/colivingjardins.com\/index.php\/wp-json\/wp\/v2\/pages\/697","targetHints":{"allow":["GET"]}}],"collection":[{"href":"https:\/\/colivingjardins.com\/index.php\/wp-json\/wp\/v2\/pages"}],"about":[{"href":"https:\/\/colivingjardins.com\/index.php\/wp-json\/wp\/v2\/types\/page"}],"author":[{"embeddable":true,"href":"https:\/\/colivingjardins.com\/index.php\/wp-json\/wp\/v2\/users\/2"}],"replies":[{"embeddable":true,"href":"https:\/\/colivingjardins.com\/index.php\/wp-json\/wp\/v2\/comments?post=697"}],"version-history":[{"count":32,"href":"https:\/\/colivingjardins.com\/index.php\/wp-json\/wp\/v2\/pages\/697\/revisions"}],"predecessor-version":[{"id":1558,"href":"https:\/\/colivingjardins.com\/index.php\/wp-json\/wp\/v2\/pages\/697\/revisions\/1558"}],"wp:attachment":[{"href":"https:\/\/colivingjardins.com\/index.php\/wp-json\/wp\/v2\/media?parent=697"}],"curies":[{"name":"wp","href":"https:\/\/api.w.org\/{rel}","templated":true}]}}