{"id":103,"date":"2021-08-23T11:50:07","date_gmt":"2021-08-23T11:50:07","guid":{"rendered":"https:\/\/colivingjardins.com\/?page_id=103"},"modified":"2021-08-30T10:35:33","modified_gmt":"2021-08-30T10:35:33","slug":"o-conceito-de-coliving","status":"publish","type":"page","link":"https:\/\/colivingjardins.com\/index.php\/o-conceito-de-coliving\/","title":{"rendered":"O Conceito de Coliving"},"content":{"rendered":"\t\t<div data-elementor-type=\"wp-page\" data-elementor-id=\"103\" class=\"elementor elementor-103\">\n\t\t\t\t\t\t<section class=\"elementor-section elementor-top-section elementor-element elementor-element-f4475f1 elementor-section-boxed elementor-section-height-default elementor-section-height-default\" data-id=\"f4475f1\" data-element_type=\"section\" data-e-type=\"section\">\n\t\t\t\t\t\t<div class=\"elementor-container elementor-column-gap-default\">\n\t\t\t\t\t<div class=\"elementor-column elementor-col-100 elementor-top-column elementor-element elementor-element-99ded75\" data-id=\"99ded75\" data-element_type=\"column\" data-e-type=\"column\">\n\t\t\t<div class=\"elementor-widget-wrap elementor-element-populated\">\n\t\t\t\t\t\t<div class=\"elementor-element elementor-element-61edfc1 elementor-widget elementor-widget-heading\" data-id=\"61edfc1\" data-element_type=\"widget\" data-e-type=\"widget\" data-widget_type=\"heading.default\">\n\t\t\t\t<div class=\"elementor-widget-container\">\n\t\t\t\t\t<h2 class=\"elementor-heading-title elementor-size-default\">O CONCEITO DE COLIVING<\/h2>\t\t\t\t<\/div>\n\t\t\t\t<\/div>\n\t\t\t\t\t<\/div>\n\t\t<\/div>\n\t\t\t\t\t<\/div>\n\t\t<\/section>\n\t\t\t\t<section class=\"elementor-section elementor-top-section elementor-element elementor-element-56e0595 elementor-section-boxed elementor-section-height-default elementor-section-height-default\" data-id=\"56e0595\" data-element_type=\"section\" data-e-type=\"section\">\n\t\t\t\t\t\t<div class=\"elementor-container elementor-column-gap-default\">\n\t\t\t\t\t<div class=\"elementor-column elementor-col-66 elementor-top-column elementor-element elementor-element-5d6d0cd\" data-id=\"5d6d0cd\" data-element_type=\"column\" data-e-type=\"column\">\n\t\t\t<div class=\"elementor-widget-wrap elementor-element-populated\">\n\t\t\t\t\t\t<div class=\"elementor-element elementor-element-f0b46eb elementor-widget elementor-widget-text-editor\" data-id=\"f0b46eb\" data-element_type=\"widget\" data-e-type=\"widget\" data-widget_type=\"text-editor.default\">\n\t\t\t\t<div class=\"elementor-widget-container\">\n\t\t\t\t\t\t\t\t\t<p><span style=\"font-weight: 400;\">Tend\u00eancia no exterior, o Coliving surge como op\u00e7\u00e3o para quem quer morar em localiza\u00e7\u00f5es centrais e privilegiadas, a um bom custo-benef\u00edcio, dividindo moradia com outras pessoas, sem muita dor de cabe\u00e7a. A<\/span><span style=\"font-weight: 400;\">final, morar em comunidade nunca foi estranho ao ser humano, por\u00e9m o crescimento das cidades provocou uma individualiza\u00e7\u00e3o dos espa\u00e7os.\u00a0<\/span><\/p><p><span style=\"font-weight: 400;\">Em resposta a esse movimento, o Coliving prop\u00f5e a volta da conviv\u00eancia e da socializa\u00e7\u00e3o, de maneira consciente e colaborativa.<\/span><\/p><p><span style=\"font-weight: 400;\">O Coliving \u00e9 um tipo de aluguel de quartos individuais, em apartamentos compartilhados, geralmente em regi\u00f5es onde o custo de morar sozinho \u00e9 mais alto, no qual os moradores se relacionam de forma colaborativa, dividindo as \u00e1reas comuns dos ap\u00eas, como sala, cozinha, lavanderia etc. <\/span><\/p>\t\t\t\t\t\t\t\t<\/div>\n\t\t\t\t<\/div>\n\t\t\t\t\t<\/div>\n\t\t<\/div>\n\t\t\t\t<div class=\"elementor-column elementor-col-33 elementor-top-column elementor-element elementor-element-f23ddbf\" data-id=\"f23ddbf\" data-element_type=\"column\" data-e-type=\"column\">\n\t\t\t<div class=\"elementor-widget-wrap elementor-element-populated\">\n\t\t\t\t\t\t<div class=\"elementor-element elementor-element-e05d441 elementor-widget elementor-widget-image\" data-id=\"e05d441\" data-element_type=\"widget\" data-e-type=\"widget\" data-widget_type=\"image.default\">\n\t\t\t\t<div class=\"elementor-widget-container\">\n\t\t\t\t\t\t\t\t\t\t\t\t\t\t\t<img fetchpriority=\"high\" decoding=\"async\" width=\"489\" height=\"435\" src=\"https:\/\/colivingjardins.com\/wp-content\/uploads\/2021\/08\/IMG_7298-2.jpg\" class=\"attachment-2048x2048 size-2048x2048 wp-image-661\" alt=\"\" srcset=\"https:\/\/colivingjardins.com\/wp-content\/uploads\/2021\/08\/IMG_7298-2.jpg 489w, https:\/\/colivingjardins.com\/wp-content\/uploads\/2021\/08\/IMG_7298-2-300x267.jpg 300w\" sizes=\"(max-width: 489px) 100vw, 489px\" \/>\t\t\t\t\t\t\t\t\t\t\t\t\t\t\t<\/div>\n\t\t\t\t<\/div>\n\t\t\t\t\t<\/div>\n\t\t<\/div>\n\t\t\t\t\t<\/div>\n\t\t<\/section>\n\t\t\t\t<section class=\"elementor-section elementor-top-section elementor-element elementor-element-b4a7c09 elementor-section-boxed elementor-section-height-default elementor-section-height-default\" data-id=\"b4a7c09\" data-element_type=\"section\" data-e-type=\"section\">\n\t\t\t\t\t\t<div class=\"elementor-container elementor-column-gap-default\">\n\t\t\t\t\t<div class=\"elementor-column elementor-col-100 elementor-top-column elementor-element elementor-element-0c071bb\" data-id=\"0c071bb\" data-element_type=\"column\" data-e-type=\"column\">\n\t\t\t<div class=\"elementor-widget-wrap elementor-element-populated\">\n\t\t\t\t\t\t<section class=\"elementor-section elementor-inner-section elementor-element elementor-element-8e80046 elementor-section-boxed elementor-section-height-default elementor-section-height-default\" data-id=\"8e80046\" data-element_type=\"section\" data-e-type=\"section\">\n\t\t\t\t\t\t<div class=\"elementor-container elementor-column-gap-default\">\n\t\t\t\t\t<div class=\"elementor-column elementor-col-33 elementor-inner-column elementor-element elementor-element-55b723a\" data-id=\"55b723a\" data-element_type=\"column\" data-e-type=\"column\">\n\t\t\t<div class=\"elementor-widget-wrap elementor-element-populated\">\n\t\t\t\t\t\t<div class=\"elementor-element elementor-element-f676c0e elementor-widget elementor-widget-image\" data-id=\"f676c0e\" data-element_type=\"widget\" data-e-type=\"widget\" data-widget_type=\"image.default\">\n\t\t\t\t<div class=\"elementor-widget-container\">\n\t\t\t\t\t\t\t\t\t\t\t\t\t\t\t<img decoding=\"async\" width=\"640\" height=\"886\" src=\"https:\/\/colivingjardins.com\/wp-content\/uploads\/2021\/08\/guilherme-stecanella-SaVlzqe9068-unsplash-222-740x1024.jpg\" class=\"attachment-large size-large wp-image-924\" alt=\"\" srcset=\"https:\/\/colivingjardins.com\/wp-content\/uploads\/2021\/08\/guilherme-stecanella-SaVlzqe9068-unsplash-222-740x1024.jpg 740w, https:\/\/colivingjardins.com\/wp-content\/uploads\/2021\/08\/guilherme-stecanella-SaVlzqe9068-unsplash-222-217x300.jpg 217w, https:\/\/colivingjardins.com\/wp-content\/uploads\/2021\/08\/guilherme-stecanella-SaVlzqe9068-unsplash-222-768x1062.jpg 768w, https:\/\/colivingjardins.com\/wp-content\/uploads\/2021\/08\/guilherme-stecanella-SaVlzqe9068-unsplash-222-1110x1536.jpg 1110w, https:\/\/colivingjardins.com\/wp-content\/uploads\/2021\/08\/guilherme-stecanella-SaVlzqe9068-unsplash-222-1480x2048.jpg 1480w, https:\/\/colivingjardins.com\/wp-content\/uploads\/2021\/08\/guilherme-stecanella-SaVlzqe9068-unsplash-222-scaled.jpg 1851w\" sizes=\"(max-width: 640px) 100vw, 640px\" \/>\t\t\t\t\t\t\t\t\t\t\t\t\t\t\t<\/div>\n\t\t\t\t<\/div>\n\t\t\t\t\t<\/div>\n\t\t<\/div>\n\t\t\t\t<div class=\"elementor-column elementor-col-66 elementor-inner-column elementor-element elementor-element-5ce5030\" data-id=\"5ce5030\" data-element_type=\"column\" data-e-type=\"column\">\n\t\t\t<div class=\"elementor-widget-wrap elementor-element-populated\">\n\t\t\t\t\t\t<div class=\"elementor-element elementor-element-0d980c4 elementor-widget elementor-widget-spacer\" data-id=\"0d980c4\" data-element_type=\"widget\" data-e-type=\"widget\" data-widget_type=\"spacer.default\">\n\t\t\t\t<div class=\"elementor-widget-container\">\n\t\t\t\t\t\t\t<div class=\"elementor-spacer\">\n\t\t\t<div class=\"elementor-spacer-inner\"><\/div>\n\t\t<\/div>\n\t\t\t\t\t\t<\/div>\n\t\t\t\t<\/div>\n\t\t\t\t<div class=\"elementor-element elementor-element-e7f3f7d elementor-widget elementor-widget-text-editor\" data-id=\"e7f3f7d\" data-element_type=\"widget\" data-e-type=\"widget\" data-widget_type=\"text-editor.default\">\n\t\t\t\t<div class=\"elementor-widget-container\">\n\t\t\t\t\t\t\t\t\t<p><span style=\"font-weight: 400;\">Al\u00e9m disso, os moradores n\u00e3o precisam se preocupar com a mob\u00edlia ou com gastos com manuten\u00e7\u00e3o, WiFi, \u00e1gua, luz, condom\u00ednio ou outras contas, nem\u00a0 se envolver com as confus\u00f5es para partilhar as despesas, ou ter que procurar um novo morador para preencher a vaga de algu\u00e9m que decidiu ir embora, j\u00e1 que n\u00f3s somos respons\u00e1veis por essas quest\u00f5es.<\/span><\/p><p><span style=\"font-weight: 400;\">O processo de loca\u00e7\u00e3o tamb\u00e9m \u00e9 desburocratizado e n\u00e3o precisa se preocupar em conseguir um fiador ou comprovar renda. Nesse modelo de moradia coletiva, o contrato \u00e9 fechado com a gente, que assumimos a responsabilidade de administrar o local, realizar a limpeza peri\u00f3dica e resolver todos os problemas que surgirem.\u00a0<\/span><\/p><p><span style=\"font-weight: 400;\">Esse conceito de vida e de moradia surgiu l\u00e1 nos anos 60, a partir de um sistema chamado cohousing criado na Dinamarca. Na \u00e9poca, foi uma febre nos Estados Unidos e Canad\u00e1, assim como em alguns pa\u00edses da Europa. Tamb\u00e9m pudera, n\u00e9? S\u00e3o muito procurados por jovens rec\u00e9m-formados ou pessoas que est\u00e3o mudando de cidade e estado em busca de melhores oportunidades de trabalho. <\/span><\/p>\t\t\t\t\t\t\t\t<\/div>\n\t\t\t\t<\/div>\n\t\t\t\t\t<\/div>\n\t\t<\/div>\n\t\t\t\t\t<\/div>\n\t\t<\/section>\n\t\t\t\t\t<\/div>\n\t\t<\/div>\n\t\t\t\t\t<\/div>\n\t\t<\/section>\n\t\t\t\t<section class=\"elementor-section elementor-top-section elementor-element elementor-element-68feaea elementor-section-boxed elementor-section-height-default elementor-section-height-default\" data-id=\"68feaea\" data-element_type=\"section\" data-e-type=\"section\">\n\t\t\t\t\t\t<div class=\"elementor-container elementor-column-gap-default\">\n\t\t\t\t\t<div class=\"elementor-column elementor-col-100 elementor-top-column elementor-element elementor-element-3a26217\" data-id=\"3a26217\" data-element_type=\"column\" data-e-type=\"column\">\n\t\t\t<div class=\"elementor-widget-wrap elementor-element-populated\">\n\t\t\t\t\t\t<section class=\"elementor-section elementor-inner-section elementor-element elementor-element-ae1af28 elementor-section-boxed elementor-section-height-default elementor-section-height-default\" data-id=\"ae1af28\" data-element_type=\"section\" data-e-type=\"section\">\n\t\t\t\t\t\t<div class=\"elementor-container elementor-column-gap-default\">\n\t\t\t\t\t<div class=\"elementor-column elementor-col-66 elementor-inner-column elementor-element elementor-element-2bd1cfa\" data-id=\"2bd1cfa\" data-element_type=\"column\" data-e-type=\"column\">\n\t\t\t<div class=\"elementor-widget-wrap elementor-element-populated\">\n\t\t\t\t\t\t<div class=\"elementor-element elementor-element-54675a2 elementor-widget elementor-widget-text-editor\" data-id=\"54675a2\" data-element_type=\"widget\" data-e-type=\"widget\" data-widget_type=\"text-editor.default\">\n\t\t\t\t<div class=\"elementor-widget-container\">\n\t\t\t\t\t\t\t\t\t<p><span style=\"font-weight: 400;\">No Coliving Jardins o morador tamb\u00e9m tem a possibilidade de fazer a loca\u00e7\u00e3o de uma su\u00edte (j\u00e1 com banheiro), mas se quiserem economizar, podem escolher dividir o banheiro. Outra vantagem \u00e9 que, os moradores est\u00e3o livres para mudar para outro ap\u00ea quando quiserem, j\u00e1 que os contratos pedem uma perman\u00eancia m\u00ednima de 6 meses na rede de op\u00e7\u00f5es oferecidas pelo nosso Coliving, e n\u00e3o no apartamento.\u00a0<\/span><\/p><p><span style=\"font-weight: 400;\">Um dos pontos que chama a aten\u00e7\u00e3o dos moradores \u00e9 a localiza\u00e7\u00e3o. Isso porque, o Coliving Jardins precisa oferecer qualidade de vida pros moradores da sua comunidade, por isso os ap\u00eas s\u00e3o sempre bem localizados, perto de esta\u00e7\u00f5es do metr\u00f4, bares, parques, restaurantes e grandes avenidas.<\/span><\/p>\t\t\t\t\t\t\t\t<\/div>\n\t\t\t\t<\/div>\n\t\t\t\t\t<\/div>\n\t\t<\/div>\n\t\t\t\t<div class=\"elementor-column elementor-col-33 elementor-inner-column elementor-element elementor-element-6b3421d\" data-id=\"6b3421d\" data-element_type=\"column\" data-e-type=\"column\">\n\t\t\t<div class=\"elementor-widget-wrap elementor-element-populated\">\n\t\t\t\t\t\t<div class=\"elementor-element elementor-element-13a3d1f elementor-widget elementor-widget-image\" data-id=\"13a3d1f\" data-element_type=\"widget\" data-e-type=\"widget\" data-widget_type=\"image.default\">\n\t\t\t\t<div class=\"elementor-widget-container\">\n\t\t\t\t\t\t\t\t\t\t\t\t\t\t\t<img decoding=\"async\" width=\"640\" height=\"427\" src=\"https:\/\/colivingjardins.com\/wp-content\/uploads\/2021\/08\/244496-o-que-e-coliving-saiba-mais-sobre-essa-tendencia-urbana-de-moradia-1024x683.jpg\" class=\"attachment-large size-large wp-image-926\" alt=\"\" srcset=\"https:\/\/colivingjardins.com\/wp-content\/uploads\/2021\/08\/244496-o-que-e-coliving-saiba-mais-sobre-essa-tendencia-urbana-de-moradia-1024x683.jpg 1024w, https:\/\/colivingjardins.com\/wp-content\/uploads\/2021\/08\/244496-o-que-e-coliving-saiba-mais-sobre-essa-tendencia-urbana-de-moradia-300x200.jpg 300w, https:\/\/colivingjardins.com\/wp-content\/uploads\/2021\/08\/244496-o-que-e-coliving-saiba-mais-sobre-essa-tendencia-urbana-de-moradia-768x512.jpg 768w, https:\/\/colivingjardins.com\/wp-content\/uploads\/2021\/08\/244496-o-que-e-coliving-saiba-mais-sobre-essa-tendencia-urbana-de-moradia-1536x1025.jpg 1536w, https:\/\/colivingjardins.com\/wp-content\/uploads\/2021\/08\/244496-o-que-e-coliving-saiba-mais-sobre-essa-tendencia-urbana-de-moradia.jpg 2000w\" sizes=\"(max-width: 640px) 100vw, 640px\" \/>\t\t\t\t\t\t\t\t\t\t\t\t\t\t\t<\/div>\n\t\t\t\t<\/div>\n\t\t\t\t\t<\/div>\n\t\t<\/div>\n\t\t\t\t\t<\/div>\n\t\t<\/section>\n\t\t\t\t\t<\/div>\n\t\t<\/div>\n\t\t\t\t\t<\/div>\n\t\t<\/section>\n\t\t\t\t<\/div>\n\t\t","protected":false},"excerpt":{"rendered":"<p>O CONCEITO DE COLIVING Tend\u00eancia no exterior, o Coliving surge como op\u00e7\u00e3o para quem quer morar em localiza\u00e7\u00f5es centrais e privilegiadas, a um bom custo-benef\u00edcio, [&hellip;]<\/p>\n","protected":false},"author":2,"featured_media":0,"parent":0,"menu_order":0,"comment_status":"closed","ping_status":"closed","template":"","meta":{"om_disable_all_campaigns":false,"_monsterinsights_skip_tracking":false,"_monsterinsights_sitenote_active":false,"_monsterinsights_sitenote_note":"","_monsterinsights_sitenote_category":0,"_joinchat":[],"footnotes":""},"class_list":["post-103","page","type-page","status-publish","hentry"],"aioseo_notices":[],"yoast_head":"<!-- This site is optimized with the Yoast SEO plugin v27.4 - https:\/\/yoast.com\/product\/yoast-seo-wordpress\/ -->\n<title>O Conceito de Coliving - Coliving Jardins<\/title>\n<meta name=\"description\" content=\"O Coliving \u00e9 para quem quer morar em localiza\u00e7\u00f5es centrais e privilegiadas, a um bom custo-benef\u00edcio, dividindo moradia com outras pessoas.\" \/>\n<meta name=\"robots\" content=\"index, follow, max-snippet:-1, max-image-preview:large, max-video-preview:-1\" \/>\n<link rel=\"canonical\" href=\"https:\/\/colivingjardins.com\/index.php\/o-conceito-de-coliving\/\" \/>\n<meta property=\"og:locale\" content=\"en_US\" \/>\n<meta property=\"og:type\" content=\"article\" \/>\n<meta property=\"og:title\" content=\"O Conceito de Coliving - Coliving Jardins\" \/>\n<meta property=\"og:description\" content=\"O Coliving \u00e9 para quem quer morar em localiza\u00e7\u00f5es centrais e privilegiadas, a um bom custo-benef\u00edcio, dividindo moradia com outras pessoas.\" \/>\n<meta property=\"og:url\" content=\"https:\/\/colivingjardins.com\/index.php\/o-conceito-de-coliving\/\" \/>\n<meta property=\"og:site_name\" content=\"Coliving Jardins\" \/>\n<meta property=\"article:modified_time\" content=\"2021-08-30T10:35:33+00:00\" \/>\n<meta property=\"og:image\" content=\"http:\/\/colivingjardins.com\/wp-content\/uploads\/2021\/08\/IMG_7298-2.jpg\" \/>\n<meta name=\"twitter:card\" content=\"summary_large_image\" \/>\n<meta name=\"twitter:label1\" content=\"Est. reading time\" \/>\n\t<meta name=\"twitter:data1\" content=\"3 minutes\" \/>\n<script type=\"application\/ld+json\" class=\"yoast-schema-graph\">{\"@context\":\"https:\\\/\\\/schema.org\",\"@graph\":[{\"@type\":\"WebPage\",\"@id\":\"https:\\\/\\\/colivingjardins.com\\\/index.php\\\/o-conceito-de-coliving\\\/\",\"url\":\"https:\\\/\\\/colivingjardins.com\\\/index.php\\\/o-conceito-de-coliving\\\/\",\"name\":\"O Conceito de Coliving - Coliving Jardins\",\"isPartOf\":{\"@id\":\"https:\\\/\\\/colivingjardins.com\\\/#website\"},\"primaryImageOfPage\":{\"@id\":\"https:\\\/\\\/colivingjardins.com\\\/index.php\\\/o-conceito-de-coliving\\\/#primaryimage\"},\"image\":{\"@id\":\"https:\\\/\\\/colivingjardins.com\\\/index.php\\\/o-conceito-de-coliving\\\/#primaryimage\"},\"thumbnailUrl\":\"http:\\\/\\\/colivingjardins.com\\\/wp-content\\\/uploads\\\/2021\\\/08\\\/IMG_7298-2.jpg\",\"datePublished\":\"2021-08-23T11:50:07+00:00\",\"dateModified\":\"2021-08-30T10:35:33+00:00\",\"description\":\"O Coliving \u00e9 para quem quer morar em localiza\u00e7\u00f5es centrais e privilegiadas, a um bom custo-benef\u00edcio, dividindo moradia com outras pessoas.\",\"breadcrumb\":{\"@id\":\"https:\\\/\\\/colivingjardins.com\\\/index.php\\\/o-conceito-de-coliving\\\/#breadcrumb\"},\"inLanguage\":\"en-US\",\"potentialAction\":[{\"@type\":\"ReadAction\",\"target\":[\"https:\\\/\\\/colivingjardins.com\\\/index.php\\\/o-conceito-de-coliving\\\/\"]}]},{\"@type\":\"ImageObject\",\"inLanguage\":\"en-US\",\"@id\":\"https:\\\/\\\/colivingjardins.com\\\/index.php\\\/o-conceito-de-coliving\\\/#primaryimage\",\"url\":\"https:\\\/\\\/colivingjardins.com\\\/wp-content\\\/uploads\\\/2021\\\/08\\\/IMG_7298-2.jpg\",\"contentUrl\":\"https:\\\/\\\/colivingjardins.com\\\/wp-content\\\/uploads\\\/2021\\\/08\\\/IMG_7298-2.jpg\",\"width\":489,\"height\":435},{\"@type\":\"BreadcrumbList\",\"@id\":\"https:\\\/\\\/colivingjardins.com\\\/index.php\\\/o-conceito-de-coliving\\\/#breadcrumb\",\"itemListElement\":[{\"@type\":\"ListItem\",\"position\":1,\"name\":\"Home\",\"item\":\"https:\\\/\\\/colivingjardins.com\\\/\"},{\"@type\":\"ListItem\",\"position\":2,\"name\":\"O Conceito de Coliving\"}]},{\"@type\":\"WebSite\",\"@id\":\"https:\\\/\\\/colivingjardins.com\\\/#website\",\"url\":\"https:\\\/\\\/colivingjardins.com\\\/\",\"name\":\"Coliving Jardins\",\"description\":\"More na melhor regi\u00e3o de SP\",\"publisher\":{\"@id\":\"https:\\\/\\\/colivingjardins.com\\\/#organization\"},\"potentialAction\":[{\"@type\":\"SearchAction\",\"target\":{\"@type\":\"EntryPoint\",\"urlTemplate\":\"https:\\\/\\\/colivingjardins.com\\\/?s={search_term_string}\"},\"query-input\":{\"@type\":\"PropertyValueSpecification\",\"valueRequired\":true,\"valueName\":\"search_term_string\"}}],\"inLanguage\":\"en-US\"},{\"@type\":\"Organization\",\"@id\":\"https:\\\/\\\/colivingjardins.com\\\/#organization\",\"name\":\"Coliving Jardins\",\"url\":\"https:\\\/\\\/colivingjardins.com\\\/\",\"logo\":{\"@type\":\"ImageObject\",\"inLanguage\":\"en-US\",\"@id\":\"https:\\\/\\\/colivingjardins.com\\\/#\\\/schema\\\/logo\\\/image\\\/\",\"url\":\"https:\\\/\\\/colivingjardins.com\\\/wp-content\\\/uploads\\\/2021\\\/08\\\/cropped-cropped-cropped-LOGO-ESTENDIDA-PNG.png\",\"contentUrl\":\"https:\\\/\\\/colivingjardins.com\\\/wp-content\\\/uploads\\\/2021\\\/08\\\/cropped-cropped-cropped-LOGO-ESTENDIDA-PNG.png\",\"width\":1196,\"height\":210,\"caption\":\"Coliving Jardins\"},\"image\":{\"@id\":\"https:\\\/\\\/colivingjardins.com\\\/#\\\/schema\\\/logo\\\/image\\\/\"}}]}<\/script>\n<!-- \/ Yoast SEO plugin. -->","yoast_head_json":{"title":"O Conceito de Coliving - Coliving Jardins","description":"O Coliving \u00e9 para quem quer morar em localiza\u00e7\u00f5es centrais e privilegiadas, a um bom custo-benef\u00edcio, dividindo moradia com outras pessoas.","robots":{"index":"index","follow":"follow","max-snippet":"max-snippet:-1","max-image-preview":"max-image-preview:large","max-video-preview":"max-video-preview:-1"},"canonical":"https:\/\/colivingjardins.com\/index.php\/o-conceito-de-coliving\/","og_locale":"en_US","og_type":"article","og_title":"O Conceito de Coliving - Coliving Jardins","og_description":"O Coliving \u00e9 para quem quer morar em localiza\u00e7\u00f5es centrais e privilegiadas, a um bom custo-benef\u00edcio, dividindo moradia com outras pessoas.","og_url":"https:\/\/colivingjardins.com\/index.php\/o-conceito-de-coliving\/","og_site_name":"Coliving Jardins","article_modified_time":"2021-08-30T10:35:33+00:00","og_image":[{"url":"http:\/\/colivingjardins.com\/wp-content\/uploads\/2021\/08\/IMG_7298-2.jpg","type":"","width":"","height":""}],"twitter_card":"summary_large_image","twitter_misc":{"Est. reading time":"3 minutes"},"schema":{"@context":"https:\/\/schema.org","@graph":[{"@type":"WebPage","@id":"https:\/\/colivingjardins.com\/index.php\/o-conceito-de-coliving\/","url":"https:\/\/colivingjardins.com\/index.php\/o-conceito-de-coliving\/","name":"O Conceito de Coliving - Coliving Jardins","isPartOf":{"@id":"https:\/\/colivingjardins.com\/#website"},"primaryImageOfPage":{"@id":"https:\/\/colivingjardins.com\/index.php\/o-conceito-de-coliving\/#primaryimage"},"image":{"@id":"https:\/\/colivingjardins.com\/index.php\/o-conceito-de-coliving\/#primaryimage"},"thumbnailUrl":"http:\/\/colivingjardins.com\/wp-content\/uploads\/2021\/08\/IMG_7298-2.jpg","datePublished":"2021-08-23T11:50:07+00:00","dateModified":"2021-08-30T10:35:33+00:00","description":"O Coliving \u00e9 para quem quer morar em localiza\u00e7\u00f5es centrais e privilegiadas, a um bom custo-benef\u00edcio, dividindo moradia com outras pessoas.","breadcrumb":{"@id":"https:\/\/colivingjardins.com\/index.php\/o-conceito-de-coliving\/#breadcrumb"},"inLanguage":"en-US","potentialAction":[{"@type":"ReadAction","target":["https:\/\/colivingjardins.com\/index.php\/o-conceito-de-coliving\/"]}]},{"@type":"ImageObject","inLanguage":"en-US","@id":"https:\/\/colivingjardins.com\/index.php\/o-conceito-de-coliving\/#primaryimage","url":"https:\/\/colivingjardins.com\/wp-content\/uploads\/2021\/08\/IMG_7298-2.jpg","contentUrl":"https:\/\/colivingjardins.com\/wp-content\/uploads\/2021\/08\/IMG_7298-2.jpg","width":489,"height":435},{"@type":"BreadcrumbList","@id":"https:\/\/colivingjardins.com\/index.php\/o-conceito-de-coliving\/#breadcrumb","itemListElement":[{"@type":"ListItem","position":1,"name":"Home","item":"https:\/\/colivingjardins.com\/"},{"@type":"ListItem","position":2,"name":"O Conceito de Coliving"}]},{"@type":"WebSite","@id":"https:\/\/colivingjardins.com\/#website","url":"https:\/\/colivingjardins.com\/","name":"Coliving Jardins","description":"More na melhor regi\u00e3o de SP","publisher":{"@id":"https:\/\/colivingjardins.com\/#organization"},"potentialAction":[{"@type":"SearchAction","target":{"@type":"EntryPoint","urlTemplate":"https:\/\/colivingjardins.com\/?s={search_term_string}"},"query-input":{"@type":"PropertyValueSpecification","valueRequired":true,"valueName":"search_term_string"}}],"inLanguage":"en-US"},{"@type":"Organization","@id":"https:\/\/colivingjardins.com\/#organization","name":"Coliving Jardins","url":"https:\/\/colivingjardins.com\/","logo":{"@type":"ImageObject","inLanguage":"en-US","@id":"https:\/\/colivingjardins.com\/#\/schema\/logo\/image\/","url":"https:\/\/colivingjardins.com\/wp-content\/uploads\/2021\/08\/cropped-cropped-cropped-LOGO-ESTENDIDA-PNG.png","contentUrl":"https:\/\/colivingjardins.com\/wp-content\/uploads\/2021\/08\/cropped-cropped-cropped-LOGO-ESTENDIDA-PNG.png","width":1196,"height":210,"caption":"Coliving Jardins"},"image":{"@id":"https:\/\/colivingjardins.com\/#\/schema\/logo\/image\/"}}]}},"_links":{"self":[{"href":"https:\/\/colivingjardins.com\/index.php\/wp-json\/wp\/v2\/pages\/103","targetHints":{"allow":["GET"]}}],"collection":[{"href":"https:\/\/colivingjardins.com\/index.php\/wp-json\/wp\/v2\/pages"}],"about":[{"href":"https:\/\/colivingjardins.com\/index.php\/wp-json\/wp\/v2\/types\/page"}],"author":[{"embeddable":true,"href":"https:\/\/colivingjardins.com\/index.php\/wp-json\/wp\/v2\/users\/2"}],"replies":[{"embeddable":true,"href":"https:\/\/colivingjardins.com\/index.php\/wp-json\/wp\/v2\/comments?post=103"}],"version-history":[{"count":17,"href":"https:\/\/colivingjardins.com\/index.php\/wp-json\/wp\/v2\/pages\/103\/revisions"}],"predecessor-version":[{"id":951,"href":"https:\/\/colivingjardins.com\/index.php\/wp-json\/wp\/v2\/pages\/103\/revisions\/951"}],"wp:attachment":[{"href":"https:\/\/colivingjardins.com\/index.php\/wp-json\/wp\/v2\/media?parent=103"}],"curies":[{"name":"wp","href":"https:\/\/api.w.org\/{rel}","templated":true}]}}